{"id":505,"date":"2022-02-20T17:10:30","date_gmt":"2022-02-20T16:10:30","guid":{"rendered":"https:\/\/interactivo.flamencomalaga.com\/video-interattivo-centro-di-flamenco-malaga\/"},"modified":"2024-05-13T11:05:20","modified_gmt":"2024-05-13T10:05:20","slug":"video-interattivo-centro-di-flamenco-malaga","status":"publish","type":"page","link":"https:\/\/interactivo.flamencomalaga.com\/it\/video-interattivo-centro-di-flamenco-malaga\/","title":{"rendered":"Video interattivo centro di flamenco Malaga"},"content":{"rendered":"<p>[et_pb_section fb_built=&#8221;1&#8243; admin_label=&#8221;section&#8221; _builder_version=&#8221;4.17.4&#8243; background_color=&#8221;#000000&#8243; global_colors_info=&#8221;{}&#8221;][et_pb_row admin_label=&#8221;row&#8221; _builder_version=&#8221;4.16&#8243; background_size=&#8221;initial&#8221; background_position=&#8221;top_left&#8221; background_repeat=&#8221;repeat&#8221; global_colors_info=&#8221;{}&#8221;][et_pb_column type=&#8221;4_4&#8243; _builder_version=&#8221;4.16&#8243; custom_padding=&#8221;|||&#8221; global_colors_info=&#8221;{}&#8221; custom_padding__hover=&#8221;|||&#8221;][et_pb_text admin_label=&#8221;Text&#8221; _builder_version=&#8221;4.22.1&#8243; background_size=&#8221;initial&#8221; background_position=&#8221;top_left&#8221; background_repeat=&#8221;repeat&#8221; hover_enabled=&#8221;0&#8243; global_colors_info=&#8221;{}&#8221; sticky_enabled=&#8221;0&#8243;]<\/p>\n<p><iframe loading=\"lazy\" title=\"Sum\u00e9rgete y Descubre: Iniciaci\u00f3n al Flamenco en un Viaje Interactivo - M\u00e1laga\" width=\"1080\" height=\"608\" src=\"https:\/\/www.youtube.com\/embed\/tA4Ceg6wzC4?feature=oembed\"  allow=\"accelerometer; autoplay; clipboard-write; encrypted-media; gyroscope; picture-in-picture; web-share\" referrerpolicy=\"strict-origin-when-cross-origin\" allowfullscreen><\/iframe><\/p>\n<p>Un&#8217;esperienza adatta a tutti i pubblici, partecipativa e interattiva al 100%, rigorosamente documentata e molto divertente da ascoltare, cantare, suonare e ballare dai partecipanti.<\/p>\n<p>&nbsp;<\/p>\n<p>[\/et_pb_text][\/et_pb_column][\/et_pb_row][\/et_pb_section]<\/p>\n","protected":false},"excerpt":{"rendered":"<p>https:\/\/www.youtube.com\/watch?v=tA4Ceg6wzC4 Un&#8217;esperienza adatta a tutti i pubblici, partecipativa e interattiva al 100%, rigorosamente documentata e molto divertente da ascoltare, cantare, suonare e ballare dai partecipanti. &nbsp;<\/p>\n","protected":false},"author":1,"featured_media":0,"parent":0,"menu_order":0,"comment_status":"closed","ping_status":"closed","template":"","meta":{"_et_pb_use_builder":"on","_et_pb_old_content":"","_et_gb_content_width":"","footnotes":""},"class_list":["post-505","page","type-page","status-publish","hentry"],"_links":{"self":[{"href":"https:\/\/interactivo.flamencomalaga.com\/it\/wp-json\/wp\/v2\/pages\/505","targetHints":{"allow":["GET"]}}],"collection":[{"href":"https:\/\/interactivo.flamencomalaga.com\/it\/wp-json\/wp\/v2\/pages"}],"about":[{"href":"https:\/\/interactivo.flamencomalaga.com\/it\/wp-json\/wp\/v2\/types\/page"}],"author":[{"embeddable":true,"href":"https:\/\/interactivo.flamencomalaga.com\/it\/wp-json\/wp\/v2\/users\/1"}],"replies":[{"embeddable":true,"href":"https:\/\/interactivo.flamencomalaga.com\/it\/wp-json\/wp\/v2\/comments?post=505"}],"version-history":[{"count":0,"href":"https:\/\/interactivo.flamencomalaga.com\/it\/wp-json\/wp\/v2\/pages\/505\/revisions"}],"wp:attachment":[{"href":"https:\/\/interactivo.flamencomalaga.com\/it\/wp-json\/wp\/v2\/media?parent=505"}],"curies":[{"name":"wp","href":"https:\/\/api.w.org\/{rel}","templated":true}]}}