{"id":871,"date":"2024-05-07T19:00:26","date_gmt":"2024-05-07T18:00:26","guid":{"rendered":"https:\/\/interactivo.flamencomalaga.com\/contact\/"},"modified":"2024-12-19T09:24:28","modified_gmt":"2024-12-19T08:24:28","slug":"contact","status":"publish","type":"page","link":"https:\/\/interactivo.flamencomalaga.com\/en\/contact\/","title":{"rendered":"Contact"},"content":{"rendered":"<p>[et_pb_section fb_built=&#8221;1&#8243; _builder_version=&#8221;4.23.1&#8243; _module_preset=&#8221;default&#8221; background_enable_color=&#8221;off&#8221; use_background_color_gradient=&#8221;on&#8221; background_color_gradient_direction=&#8221;33deg&#8221; background_color_gradient_stops=&#8221;#0a0000 0%|rgba(255,255,255,0) 45%&#8221; background_color_gradient_overlays_image=&#8221;on&#8221; background_image=&#8221;https:\/\/interactivo.flamencomalaga.com\/wp-content\/uploads\/2023\/10\/Tablao-Alegria-Museo-Interactivo-5DJK15411.jpg&#8221; background_position=&#8221;center_left&#8221; height=&#8221;400px&#8221; filter_brightness=&#8221;94%&#8221; global_colors_info=&#8221;{}&#8221;][et_pb_row _builder_version=&#8221;4.23.1&#8243; _module_preset=&#8221;default&#8221; width=&#8221;100%&#8221; height=&#8221;131px&#8221; global_colors_info=&#8221;{}&#8221;][et_pb_column type=&#8221;4_4&#8243; _builder_version=&#8221;4.23.1&#8243; _module_preset=&#8221;default&#8221; global_colors_info=&#8221;{}&#8221;][\/et_pb_column][\/et_pb_row][et_pb_row _builder_version=&#8221;4.23.1&#8243; _module_preset=&#8221;default&#8221; global_colors_info=&#8221;{}&#8221;][et_pb_column type=&#8221;4_4&#8243; _builder_version=&#8221;4.23.1&#8243; _module_preset=&#8221;default&#8221; global_colors_info=&#8221;{}&#8221;][et_pb_text _builder_version=&#8221;4.23.1&#8243; _module_preset=&#8221;default&#8221; text_text_color=&#8221;#FFFFFF&#8221; header_font=&#8221;Roboto Serif|700|||||||&#8221; header_text_color=&#8221;#ffffff&#8221; header_font_size=&#8221;50px&#8221; global_colors_info=&#8221;{}&#8221;]<\/p>\n<h1><span style=\"color: #ffffff;\"><strong>Contact<\/strong><\/span><\/h1>\n<p>[\/et_pb_text][\/et_pb_column][\/et_pb_row][\/et_pb_section][et_pb_section fb_built=&#8221;1&#8243; _builder_version=&#8221;4.23.1&#8243; _module_preset=&#8221;default&#8221; background_image=&#8221;https:\/\/interactivo.flamencomalaga.com\/wp-content\/uploads\/2024\/05\/logo-simplificado-web.png&#8221; background_size=&#8221;custom&#8221; background_image_width=&#8221;26%&#8221; background_position=&#8221;bottom_left&#8221; background_horizontal_offset=&#8221;-11%&#8221; background_vertical_offset=&#8221;-72%&#8221; global_colors_info=&#8221;{}&#8221;][et_pb_row column_structure=&#8221;1_2,1_2&#8243; _builder_version=&#8221;4.23.1&#8243; _module_preset=&#8221;default&#8221; global_colors_info=&#8221;{}&#8221;][et_pb_column type=&#8221;1_2&#8243; _builder_version=&#8221;4.23.1&#8243; _module_preset=&#8221;default&#8221; global_colors_info=&#8221;{}&#8221;][et_pb_text _builder_version=&#8221;4.23.1&#8243; _module_preset=&#8221;default&#8221; global_colors_info=&#8221;{}&#8221;]<\/p>\n<h2><strong>Contact &amp; Schedules<\/strong><\/h2>\n<p>[\/et_pb_text][et_pb_blurb use_icon=&#8221;on&#8221; font_icon=&#8221;&#xf879;||fa||900&#8243; icon_placement=&#8221;left&#8221; image_icon_width=&#8221;17px&#8221; _builder_version=&#8221;4.23.1&#8243; _module_preset=&#8221;default&#8221; hover_transition_duration=&#8221;0ms&#8221; link_option_url=&#8221;tel:+34951441161&#8243; link_option_url_new_window=&#8221;on&#8221; global_colors_info=&#8221;{}&#8221;]<\/p>\n<p>+34 951 44 11 61<\/p>\n<p>[\/et_pb_blurb][et_pb_blurb use_icon=&#8221;on&#8221; font_icon=&#8221;&#xf0e0;||fa||900&#8243; icon_placement=&#8221;left&#8221; image_icon_width=&#8221;17px&#8221; _builder_version=&#8221;4.23.1&#8243; _module_preset=&#8221;default&#8221; hover_transition_duration=&#8221;0ms&#8221; link_option_url=&#8221;mailto:interactivo@flamencomalaga.com&#8221; link_option_url_new_window=&#8221;on&#8221; global_colors_info=&#8221;{}&#8221;]<\/p>\n<p>interactivo@flamencomalaga.com<\/p>\n<p>[\/et_pb_blurb][et_pb_blurb use_icon=&#8221;on&#8221; font_icon=&#8221;&#xf590;||fa||900&#8243; icon_placement=&#8221;left&#8221; image_icon_width=&#8221;17px&#8221; _builder_version=&#8221;4.23.1&#8243; _module_preset=&#8221;default&#8221; hover_transition_duration=&#8221;0ms&#8221; global_colors_info=&#8221;{}&#8221;]<\/p>\n<p><strong>Guided tours:<\/strong> Every day 16:00h<\/p>\n<p>[\/et_pb_blurb][et_pb_text _builder_version=&#8221;4.23.1&#8243; _module_preset=&#8221;default&#8221; global_colors_info=&#8221;{}&#8221;]<\/p>\n<h2><strong>Where are we<\/strong><\/h2>\n<p>[\/et_pb_text][et_pb_blurb use_icon=&#8221;on&#8221; font_icon=&#8221;&#xe081;||divi||400&#8243; icon_placement=&#8221;left&#8221; image_icon_width=&#8221;17px&#8221; _builder_version=&#8221;4.23.1&#8243; _module_preset=&#8221;default&#8221; hover_transition_duration=&#8221;0ms&#8221; link_option_url=&#8221;https:\/\/goo.gl\/maps\/WWxRbJp73DcMXwk89&#8243; link_option_url_new_window=&#8221;on&#8221; global_colors_info=&#8221;{}&#8221;]<\/p>\n<p>Calle V\u00e9lez m\u00e1laga, 6 | 29016 M\u00e1laga, Spain<\/p>\n<p>[\/et_pb_blurb][\/et_pb_column][et_pb_column type=&#8221;1_2&#8243; _builder_version=&#8221;4.23.1&#8243; _module_preset=&#8221;default&#8221; global_colors_info=&#8221;{}&#8221;][et_pb_code _builder_version=&#8221;4.23.1&#8243; _module_preset=&#8221;default&#8221; border_radii=&#8221;on|50px|50px|50px|50px&#8221; global_colors_info=&#8221;{}&#8221;]<iframe src=\"https:\/\/www.google.com\/maps\/embed?pb=!1m18!1m12!1m3!1d3198.172803624625!2d-4.41364358392749!3d36.71841087999747!2m3!1f0!2f0!3f0!3m2!1i1024!2i768!4f13.1!3m3!1m2!1s0xd72f7aee2e2ab6d%3A0x16855f7712d59611!2sTablao%20flamenco%20Alegr%C3%ADa!5e0!3m2!1ses!2ses!4v1674039599785!5m2!1ses!2ses\" width=\"100%\" height=\"500\" style=\"border:0; border-radius:8px\" allowfullscreen=\"\" loading=\"lazy\" referrerpolicy=\"no-referrer-when-downgrade\"><\/iframe>[\/et_pb_code][\/et_pb_column][\/et_pb_row][\/et_pb_section]<\/p>\n","protected":false},"excerpt":{"rendered":"<p>ContactContact &amp; Schedules+34 951 44 11 61interactivo@flamencomalaga.comGuided tours: Every day 16:00hWhere are weCalle V\u00e9lez m\u00e1laga, 6 | 29016 M\u00e1laga, Spain<\/p>\n","protected":false},"author":3,"featured_media":0,"parent":0,"menu_order":0,"comment_status":"closed","ping_status":"closed","template":"","meta":{"_et_pb_use_builder":"on","_et_pb_old_content":"","_et_gb_content_width":"","footnotes":""},"class_list":["post-871","page","type-page","status-publish","hentry"],"_links":{"self":[{"href":"https:\/\/interactivo.flamencomalaga.com\/en\/wp-json\/wp\/v2\/pages\/871","targetHints":{"allow":["GET"]}}],"collection":[{"href":"https:\/\/interactivo.flamencomalaga.com\/en\/wp-json\/wp\/v2\/pages"}],"about":[{"href":"https:\/\/interactivo.flamencomalaga.com\/en\/wp-json\/wp\/v2\/types\/page"}],"author":[{"embeddable":true,"href":"https:\/\/interactivo.flamencomalaga.com\/en\/wp-json\/wp\/v2\/users\/3"}],"replies":[{"embeddable":true,"href":"https:\/\/interactivo.flamencomalaga.com\/en\/wp-json\/wp\/v2\/comments?post=871"}],"version-history":[{"count":0,"href":"https:\/\/interactivo.flamencomalaga.com\/en\/wp-json\/wp\/v2\/pages\/871\/revisions"}],"wp:attachment":[{"href":"https:\/\/interactivo.flamencomalaga.com\/en\/wp-json\/wp\/v2\/media?parent=871"}],"curies":[{"name":"wp","href":"https:\/\/api.w.org\/{rel}","templated":true}]}}