{"id":875,"date":"2024-05-07T19:00:26","date_gmt":"2024-05-07T18:00:26","guid":{"rendered":"https:\/\/interactivo.flamencomalaga.com\/kontakt\/"},"modified":"2024-12-19T09:25:00","modified_gmt":"2024-12-19T08:25:00","slug":"kontakt","status":"publish","type":"page","link":"https:\/\/interactivo.flamencomalaga.com\/de\/kontakt\/","title":{"rendered":"Kontakt"},"content":{"rendered":"<p>[et_pb_section fb_built=&#8220;1&#8243; _builder_version=&#8220;4.23.1&#8243; _module_preset=&#8220;default&#8220; background_enable_color=&#8220;off&#8220; use_background_color_gradient=&#8220;on&#8220; background_color_gradient_direction=&#8220;33deg&#8220; background_color_gradient_stops=&#8220;#0a0000 0%|rgba(255,255,255,0) 45%&#8220; background_color_gradient_overlays_image=&#8220;on&#8220; background_image=&#8220;https:\/\/interactivo.flamencomalaga.com\/wp-content\/uploads\/2023\/10\/Tablao-Alegria-Museo-Interactivo-5DJK15411.jpg&#8220; background_position=&#8220;center_left&#8220; height=&#8220;400px&#8220; filter_brightness=&#8220;94%&#8220; global_colors_info=&#8220;{}&#8220;][et_pb_row _builder_version=&#8220;4.23.1&#8243; _module_preset=&#8220;default&#8220; width=&#8220;100%&#8220; height=&#8220;131px&#8220; global_colors_info=&#8220;{}&#8220;][et_pb_column type=&#8220;4_4&#8243; _builder_version=&#8220;4.23.1&#8243; _module_preset=&#8220;default&#8220; global_colors_info=&#8220;{}&#8220;][\/et_pb_column][\/et_pb_row][et_pb_row _builder_version=&#8220;4.23.1&#8243; _module_preset=&#8220;default&#8220; global_colors_info=&#8220;{}&#8220;][et_pb_column type=&#8220;4_4&#8243; _builder_version=&#8220;4.23.1&#8243; _module_preset=&#8220;default&#8220; global_colors_info=&#8220;{}&#8220;][et_pb_text _builder_version=&#8220;4.23.1&#8243; _module_preset=&#8220;default&#8220; text_text_color=&#8220;#FFFFFF&#8220; header_font=&#8220;Roboto Serif|700|||||||&#8220; header_text_color=&#8220;#ffffff&#8220; header_font_size=&#8220;50px&#8220; global_colors_info=&#8220;{}&#8220;]<\/p>\n<h1><span style=\"color: #ffffff;\"><strong>Kontakt<\/strong><\/span><\/h1>\n<p>[\/et_pb_text][\/et_pb_column][\/et_pb_row][\/et_pb_section][et_pb_section fb_built=&#8220;1&#8243; _builder_version=&#8220;4.23.1&#8243; _module_preset=&#8220;default&#8220; background_image=&#8220;https:\/\/interactivo.flamencomalaga.com\/wp-content\/uploads\/2024\/05\/logo-simplificado-web.png&#8220; background_size=&#8220;custom&#8220; background_image_width=&#8220;26%&#8220; background_position=&#8220;bottom_left&#8220; background_horizontal_offset=&#8220;-11%&#8220; background_vertical_offset=&#8220;-72%&#8220; global_colors_info=&#8220;{}&#8220;][et_pb_row column_structure=&#8220;1_2,1_2&#8243; _builder_version=&#8220;4.23.1&#8243; _module_preset=&#8220;default&#8220; global_colors_info=&#8220;{}&#8220;][et_pb_column type=&#8220;1_2&#8243; _builder_version=&#8220;4.23.1&#8243; _module_preset=&#8220;default&#8220; global_colors_info=&#8220;{}&#8220;][et_pb_text _builder_version=&#8220;4.23.1&#8243; _module_preset=&#8220;default&#8220; global_colors_info=&#8220;{}&#8220;]<\/p>\n<h2><strong>Kontakt &amp; Termine<\/strong><\/h2>\n<p>[\/et_pb_text][et_pb_blurb use_icon=&#8220;on&#8220; font_icon=&#8220;&#xf879;||fa||900&#8243; icon_placement=&#8220;left&#8220; image_icon_width=&#8220;17px&#8220; _builder_version=&#8220;4.23.1&#8243; _module_preset=&#8220;default&#8220; hover_transition_duration=&#8220;0ms&#8220; link_option_url=&#8220;tel:+34951441161&#8243; link_option_url_new_window=&#8220;on&#8220; global_colors_info=&#8220;{}&#8220;]<\/p>\n<p>+34 951 44 11 61<\/p>\n<p>[\/et_pb_blurb][et_pb_blurb use_icon=&#8220;on&#8220; font_icon=&#8220;&#xf0e0;||fa||900&#8243; icon_placement=&#8220;left&#8220; image_icon_width=&#8220;17px&#8220; _builder_version=&#8220;4.23.1&#8243; _module_preset=&#8220;default&#8220; hover_transition_duration=&#8220;0ms&#8220; link_option_url=&#8220;mailto:interactivo@flamencomalaga.com&#8220; link_option_url_new_window=&#8220;on&#8220; global_colors_info=&#8220;{}&#8220;]<\/p>\n<p>interactivo@flamencomalaga.com<\/p>\n<p>[\/et_pb_blurb][et_pb_blurb use_icon=&#8220;on&#8220; font_icon=&#8220;&#xf590;||fa||900&#8243; icon_placement=&#8220;left&#8220; image_icon_width=&#8220;17px&#8220; _builder_version=&#8220;4.23.1&#8243; _module_preset=&#8220;default&#8220; hover_transition_duration=&#8220;0ms&#8220; global_colors_info=&#8220;{}&#8220;]<\/p>\n<p><strong>F\u00fchrungen:<\/strong> Jeden Tag 16:00 Uhr<\/p>\n<p>[\/et_pb_blurb][et_pb_text _builder_version=&#8220;4.23.1&#8243; _module_preset=&#8220;default&#8220; global_colors_info=&#8220;{}&#8220;]<\/p>\n<h2><strong>Wo sind wir<\/strong><\/h2>\n<p>[\/et_pb_text][et_pb_blurb use_icon=&#8220;on&#8220; font_icon=&#8220;&#xe081;||divi||400&#8243; icon_placement=&#8220;left&#8220; image_icon_width=&#8220;17px&#8220; _builder_version=&#8220;4.23.1&#8243; _module_preset=&#8220;default&#8220; hover_transition_duration=&#8220;0ms&#8220; link_option_url=&#8220;https:\/\/goo.gl\/maps\/WWxRbJp73DcMXwk89&#8243; link_option_url_new_window=&#8220;on&#8220; global_colors_info=&#8220;{}&#8220;]<\/p>\n<p>Calle V\u00e9lez m\u00e1laga, 6 | 29016 M\u00e1laga, Spanien<\/p>\n<p>[\/et_pb_blurb][\/et_pb_column][et_pb_column type=&#8220;1_2&#8243; _builder_version=&#8220;4.23.1&#8243; _module_preset=&#8220;default&#8220; global_colors_info=&#8220;{}&#8220;][et_pb_code _builder_version=&#8220;4.23.1&#8243; _module_preset=&#8220;default&#8220; border_radii=&#8220;on|50px|50px|50px|50px&#8220; global_colors_info=&#8220;{}&#8220;]<iframe src=\"https:\/\/www.google.com\/maps\/embed?pb=!1m18!1m12!1m3!1d3198.172803624625!2d-4.41364358392749!3d36.71841087999747!2m3!1f0!2f0!3f0!3m2!1i1024!2i768!4f13.1!3m3!1m2!1s0xd72f7aee2e2ab6d%3A0x16855f7712d59611!2sTablao%20flamenco%20Alegr%C3%ADa!5e0!3m2!1ses!2ses!4v1674039599785!5m2!1ses!2ses\" width=\"100%\" height=\"500\" style=\"border:0; border-radius:8px\" allowfullscreen=\"\" loading=\"lazy\" referrerpolicy=\"no-referrer-when-downgrade\"><\/iframe>[\/et_pb_code][\/et_pb_column][\/et_pb_row][\/et_pb_section]<\/p>\n","protected":false},"excerpt":{"rendered":"<p>KontaktKontakt &amp; Termine+34 951 44 11 61interactivo@flamencomalaga.comF\u00fchrungen: Jeden Tag 16:00 UhrWo sind wirCalle V\u00e9lez m\u00e1laga, 6 | 29016 M\u00e1laga, Spanien<\/p>\n","protected":false},"author":3,"featured_media":0,"parent":0,"menu_order":0,"comment_status":"closed","ping_status":"closed","template":"","meta":{"_et_pb_use_builder":"on","_et_pb_old_content":"","_et_gb_content_width":"","footnotes":""},"class_list":["post-875","page","type-page","status-publish","hentry"],"_links":{"self":[{"href":"https:\/\/interactivo.flamencomalaga.com\/de\/wp-json\/wp\/v2\/pages\/875","targetHints":{"allow":["GET"]}}],"collection":[{"href":"https:\/\/interactivo.flamencomalaga.com\/de\/wp-json\/wp\/v2\/pages"}],"about":[{"href":"https:\/\/interactivo.flamencomalaga.com\/de\/wp-json\/wp\/v2\/types\/page"}],"author":[{"embeddable":true,"href":"https:\/\/interactivo.flamencomalaga.com\/de\/wp-json\/wp\/v2\/users\/3"}],"replies":[{"embeddable":true,"href":"https:\/\/interactivo.flamencomalaga.com\/de\/wp-json\/wp\/v2\/comments?post=875"}],"version-history":[{"count":0,"href":"https:\/\/interactivo.flamencomalaga.com\/de\/wp-json\/wp\/v2\/pages\/875\/revisions"}],"wp:attachment":[{"href":"https:\/\/interactivo.flamencomalaga.com\/de\/wp-json\/wp\/v2\/media?parent=875"}],"curies":[{"name":"wp","href":"https:\/\/api.w.org\/{rel}","templated":true}]}}