{"id":506,"date":"2022-02-20T17:10:30","date_gmt":"2022-02-20T16:10:30","guid":{"rendered":"https:\/\/interactivo.flamencomalaga.com\/video-interaktives-flamenco-zentrum-malaga\/"},"modified":"2024-05-13T11:05:20","modified_gmt":"2024-05-13T10:05:20","slug":"video-interaktives-flamenco-zentrum-malaga","status":"publish","type":"page","link":"https:\/\/interactivo.flamencomalaga.com\/de\/video-interaktives-flamenco-zentrum-malaga\/","title":{"rendered":"Video interaktives Flamenco-Zentrum M\u00e1laga"},"content":{"rendered":"<p>[et_pb_section fb_built=&#8220;1&#8243; admin_label=&#8220;section&#8220; _builder_version=&#8220;4.17.4&#8243; background_color=&#8220;#000000&#8243; global_colors_info=&#8220;{}&#8220;][et_pb_row admin_label=&#8220;row&#8220; _builder_version=&#8220;4.16&#8243; background_size=&#8220;initial&#8220; background_position=&#8220;top_left&#8220; background_repeat=&#8220;repeat&#8220; global_colors_info=&#8220;{}&#8220;][et_pb_column type=&#8220;4_4&#8243; _builder_version=&#8220;4.16&#8243; custom_padding=&#8220;|||&#8220; global_colors_info=&#8220;{}&#8220; custom_padding__hover=&#8220;|||&#8220;][et_pb_text admin_label=&#8220;Text&#8220; _builder_version=&#8220;4.22.1&#8243; background_size=&#8220;initial&#8220; background_position=&#8220;top_left&#8220; background_repeat=&#8220;repeat&#8220; hover_enabled=&#8220;0&#8243; global_colors_info=&#8220;{}&#8220; sticky_enabled=&#8220;0&#8243;]<\/p>\n<p><iframe loading=\"lazy\" title=\"Sum\u00e9rgete y Descubre: Iniciaci\u00f3n al Flamenco en un Viaje Interactivo - M\u00e1laga\" width=\"1080\" height=\"608\" src=\"https:\/\/www.youtube.com\/embed\/tA4Ceg6wzC4?feature=oembed\"  allow=\"accelerometer; autoplay; clipboard-write; encrypted-media; gyroscope; picture-in-picture; web-share\" referrerpolicy=\"strict-origin-when-cross-origin\" allowfullscreen><\/iframe><\/p>\n<p>Eine Erfahrung, die f\u00fcr alle Zielgruppen angepasst ist, 100% partizipativ und interaktiv, streng dokumentiert und sehr lustig, von den Teilnehmern geh\u00f6rt, gesungen, gespielt und getanzt zu werden.<\/p>\n<p>&nbsp;<\/p>\n<p>[\/et_pb_text][\/et_pb_column][\/et_pb_row][\/et_pb_section]<\/p>\n","protected":false},"excerpt":{"rendered":"<p>https:\/\/www.youtube.com\/watch?v=tA4Ceg6wzC4 Eine Erfahrung, die f\u00fcr alle Zielgruppen angepasst ist, 100% partizipativ und interaktiv, streng dokumentiert und sehr lustig, von den Teilnehmern geh\u00f6rt, gesungen, gespielt und getanzt zu werden. &nbsp;<\/p>\n","protected":false},"author":1,"featured_media":0,"parent":0,"menu_order":0,"comment_status":"closed","ping_status":"closed","template":"","meta":{"_et_pb_use_builder":"on","_et_pb_old_content":"","_et_gb_content_width":"","footnotes":""},"class_list":["post-506","page","type-page","status-publish","hentry"],"_links":{"self":[{"href":"https:\/\/interactivo.flamencomalaga.com\/de\/wp-json\/wp\/v2\/pages\/506","targetHints":{"allow":["GET"]}}],"collection":[{"href":"https:\/\/interactivo.flamencomalaga.com\/de\/wp-json\/wp\/v2\/pages"}],"about":[{"href":"https:\/\/interactivo.flamencomalaga.com\/de\/wp-json\/wp\/v2\/types\/page"}],"author":[{"embeddable":true,"href":"https:\/\/interactivo.flamencomalaga.com\/de\/wp-json\/wp\/v2\/users\/1"}],"replies":[{"embeddable":true,"href":"https:\/\/interactivo.flamencomalaga.com\/de\/wp-json\/wp\/v2\/comments?post=506"}],"version-history":[{"count":0,"href":"https:\/\/interactivo.flamencomalaga.com\/de\/wp-json\/wp\/v2\/pages\/506\/revisions"}],"wp:attachment":[{"href":"https:\/\/interactivo.flamencomalaga.com\/de\/wp-json\/wp\/v2\/media?parent=506"}],"curies":[{"name":"wp","href":"https:\/\/api.w.org\/{rel}","templated":true}]}}