{"id":387,"date":"2022-02-24T12:59:30","date_gmt":"2022-02-24T11:59:30","guid":{"rendered":"https:\/\/interactivo.flamencomalaga.com\/interaktives-flamenco-zentrum-malaga\/"},"modified":"2026-03-16T13:57:55","modified_gmt":"2026-03-16T12:57:55","slug":"interaktives-flamenco-zentrum-malaga","status":"publish","type":"page","link":"https:\/\/interactivo.flamencomalaga.com\/de\/","title":{"rendered":"Interaktives Flamenco-Zentrum M\u00e1laga"},"content":{"rendered":"<p>[et_pb_section fb_built=&#8220;1&#8243; disabled_on=&#8220;off|off|off&#8220; admin_label=&#8220;Header&#8220; _builder_version=&#8220;4.23.1&#8243; _module_preset=&#8220;default&#8220; background_enable_color=&#8220;off&#8220; use_background_color_gradient=&#8220;on&#8220; background_color_gradient_direction=&#8220;1deg&#8220; background_color_gradient_stops=&#8220;#000000 0%|rgba(255,255,255,0) 42%&#8220; background_color_gradient_overlays_image=&#8220;on&#8220; background_image=&#8220;https:\/\/interactivo.flamencomalaga.com\/wp-content\/uploads\/2024\/05\/inicio-experincia-flamenco-web.jpg&#8220; min_height=&#8220;83vh&#8220; height=&#8220;83vh&#8220; custom_padding=&#8220;||0px|||&#8220; background_last_edited=&#8220;on|phone&#8220; background_image_phone=&#8220;https:\/\/interactivo.flamencomalaga.com\/wp-content\/uploads\/2024\/05\/inicio-experiencia-flamenco-mobile.jpg&#8220; background_enable_image_phone=&#8220;on&#8220; locked=&#8220;off&#8220; global_colors_info=&#8220;{}&#8220;][et_pb_row _builder_version=&#8220;4.23.1&#8243; _module_preset=&#8220;default&#8220; module_alignment=&#8220;center&#8220; min_height=&#8220;40vh&#8220; min_height_tablet=&#8220;320px&#8220; min_height_phone=&#8220;300px&#8220; min_height_last_edited=&#8220;on|phone&#8220; custom_margin=&#8220;-52px|auto||auto||&#8220; global_colors_info=&#8220;{}&#8220;][et_pb_column type=&#8220;4_4&#8243; _builder_version=&#8220;4.23.1&#8243; _module_preset=&#8220;default&#8220; global_colors_info=&#8220;{}&#8220;][\/et_pb_column][\/et_pb_row][et_pb_row _builder_version=&#8220;4.23.1&#8243; _module_preset=&#8220;default&#8220; global_colors_info=&#8220;{}&#8220;][et_pb_column type=&#8220;4_4&#8243; _builder_version=&#8220;4.23.1&#8243; _module_preset=&#8220;default&#8220; global_colors_info=&#8220;{}&#8220;][et_pb_text _builder_version=&#8220;4.23.1&#8243; _module_preset=&#8220;default&#8220; text_font=&#8220;Roboto Serif||||||||&#8220; header_text_align=&#8220;center&#8220; header_font_size=&#8220;50px&#8220; header_2_font_size=&#8220;30px&#8220; header_2_line_height=&#8220;1.2em&#8220; width=&#8220;100%&#8220; custom_margin=&#8220;||-3px|||&#8220; global_colors_info=&#8220;{}&#8220;]<\/p>\n<h1><span style=\"color: #ffffff;\"><strong>Einf\u00fchrung in den Flamenco<\/strong><\/span><\/h1>\n<p>[\/et_pb_text][et_pb_text _builder_version=&#8220;4.23.1&#8243; _module_preset=&#8220;default&#8220; text_font=&#8220;Roboto||||||||&#8220; text_text_color=&#8220;#000000&#8243; text_font_size=&#8220;23px&#8220; text_line_height=&#8220;1em&#8220; header_text_align=&#8220;center&#8220; text_orientation=&#8220;center&#8220; global_colors_info=&#8220;{}&#8220;]<\/p>\n<p style=\"text-align: center;\"><span style=\"color: #ffffff;\">INTERAKTIVES PROJEKT<\/span><\/p>\n<p style=\"text-align: center;\"><span style=\"color: #ffffff;\"><strong>F\u00fchrungen:<\/strong> Jeden Tag um 16:00 Uhr.<\/span><\/p>\n<p>[\/et_pb_text][\/et_pb_column][\/et_pb_row][\/et_pb_section][et_pb_section fb_built=&#8220;1&#8243; admin_label=&#8220;Contenedor&#8220; _builder_version=&#8220;4.23.1&#8243; _module_preset=&#8220;default&#8220; background_color=&#8220;#FFFFFF&#8220; custom_padding=&#8220;||0px|||&#8220; locked=&#8220;off&#8220; global_colors_info=&#8220;{}&#8220;][et_pb_row column_structure=&#8220;1_2,1_2&#8243; _builder_version=&#8220;4.23.1&#8243; _module_preset=&#8220;default&#8220; global_colors_info=&#8220;{}&#8220;][et_pb_column type=&#8220;1_2&#8243; admin_label=&#8220;Spalte&#8220; _builder_version=&#8220;4.23.1&#8243; _module_preset=&#8220;default&#8220; global_colors_info=&#8220;{}&#8220;][et_pb_text _builder_version=&#8220;4.23.1&#8243; _module_preset=&#8220;default&#8220; text_font=&#8220;Roboto Serif||||||||&#8220; header_2_font_size=&#8220;30px&#8220; header_2_line_height=&#8220;1.2em&#8220; width=&#8220;100%&#8220; custom_margin=&#8220;||-3px|||&#8220; global_colors_info=&#8220;{}&#8220;]<\/p>\n<h2><strong>Tauchen Sie ein in eine interaktive Reise<\/strong><\/h2>\n<p>[\/et_pb_text][et_pb_text _builder_version=&#8220;4.23.1&#8243; _module_preset=&#8220;default&#8220; text_text_color=&#8220;#000000&#8243; global_colors_info=&#8220;{}&#8220;]<\/p>\n<p>Begeben Sie sich auf ein einzigartiges k\u00fcnstlerisches Abenteuer, das f\u00fcr jeden geeignet ist. Erkunden Sie die Flamenco-Kultur und lassen Sie sich durch interaktive Ausstellungen in sie einf\u00fchren. Buchen Sie Ihre Unterkunft f\u00fcr ein unschlagbares Erlebnis. Eine Stunde lang tauchen Sie in eine Einf\u00fchrung in den Flamenco ein, bei der Sie der Protagonist sind: Sie werden singen, tanzen und sich mit Ihren H\u00e4nden mit dem Rhythmus des Flamenco verbinden. Sie sind mehr als nur ein Zuschauer, Sie werden ein wesentlicher Bestandteil dieser innovativen Art und Weise sein, die Flamenco-Kultur zu sch\u00e4tzen.<\/p>\n<p>[\/et_pb_text][\/et_pb_column][et_pb_column type=&#8220;1_2&#8243; _builder_version=&#8220;4.23.1&#8243; _module_preset=&#8220;default&#8220; global_colors_info=&#8220;{}&#8220;][et_pb_image src=&#8220;https:\/\/interactivo.flamencomalaga.com\/wp-content\/uploads\/2024\/05\/experiencia-flamenco.jpg&#8220; title_text=&#8220;Flamenco-Erlebnis&#8220; _builder_version=&#8220;4.23.1&#8243; _module_preset=&#8220;default&#8220; border_radii=&#8220;on|30px|30px|30px|30px&#8220; global_colors_info=&#8220;{}&#8220;][\/et_pb_image][\/et_pb_column][\/et_pb_row][\/et_pb_section][et_pb_section fb_built=&#8220;1&#8243; disabled_on=&#8220;off|off|off&#8220; _builder_version=&#8220;4.23.1&#8243; _module_preset=&#8220;default&#8220; background_color=&#8220;#f5f5f5&#8243; background_image=&#8220;https:\/\/interactivo.flamencomalaga.com\/wp-content\/uploads\/2024\/05\/logo-simplificado-web-white.png&#8220; background_size=&#8220;custom&#8220; background_image_width=&#8220;17%&#8220; background_position=&#8220;center_left&#8220; background_horizontal_offset=&#8220;-5%&#8220; custom_margin=&#8220;100px||100px||false|false&#8220; custom_margin_tablet=&#8220;100px||100px||false|false&#8220; custom_margin_phone=&#8220;50px||50px||false|false&#8220; custom_margin_last_edited=&#8220;on|phone&#8220; background_last_edited=&#8220;on|desktop&#8220; background_size_phone=&#8220;contain&#8220; background_image_width_phone=&#8220;23%&#8220; background_image_height_phone=&#8220;0%&#8220; background_horizontal_offset_phone=&#8220;-38%&#8220; border_radii=&#8220;off|100px|100px||&#8220; border_radii_tablet=&#8220;off|100px|100px||&#8220; border_radii_phone=&#8220;off|50px|50px||&#8220; border_radii_last_edited=&#8220;on|tablet&#8220; global_colors_info=&#8220;{}&#8220;][et_pb_row _builder_version=&#8220;4.23.1&#8243; _module_preset=&#8220;default&#8220; global_colors_info=&#8220;{}&#8220;][et_pb_column type=&#8220;4_4&#8243; _builder_version=&#8220;4.23.1&#8243; _module_preset=&#8220;default&#8220; global_colors_info=&#8220;{}&#8220;][et_pb_text admin_label=&#8220;Texto&#8220; _builder_version=&#8220;4.27.6&#8243; _module_preset=&#8220;default&#8220; header_2_font_size=&#8220;35px&#8220; hover_enabled=&#8220;0&#8243; global_colors_info=&#8220;{}&#8220; sticky_enabled=&#8220;0&#8243;]<\/p>\n<h2><strong>RESERVIEREN SIE!<\/strong><\/h2>\n<p>[\/et_pb_text][et_pb_code _builder_version=&#8220;4.27.6&#8243; _module_preset=&#8220;default&#8220; position_origin_a=&#8220;center_center&#8220; position_origin_f=&#8220;center_center&#8220; position_origin_a_last_edited=&#8220;off|desktop&#8220; position_origin_f_last_edited=&#8220;off|desktop&#8220; position_origin_r_last_edited=&#8220;off|desktop&#8220; width=&#8220;100%&#8220; hover_enabled=&#8220;0&#8243; positioning_last_edited=&#8220;off|desktop&#8220; custom_css_free_form=&#8220;||&#8220; global_colors_info=&#8220;{}&#8220; sticky_enabled=&#8220;0&#8243;][\/et_pb_code][\/et_pb_column][\/et_pb_row][et_pb_row _builder_version=&#8220;4.27.6&#8243; _module_preset=&#8220;default&#8220; hover_enabled=&#8220;0&#8243; sticky_enabled=&#8220;0&#8243;][et_pb_column _builder_version=&#8220;4.27.6&#8243; _module_preset=&#8220;default&#8220; type=&#8220;4_4&#8243;][et_pb_button button_url=&#8220;https:\/\/show.flamencomalaga.com\/es\/837-espectaculo\/4730&#8243; button_text=&#8220;TICKETS&#8220; disabled_on=&#8220;off|off|off&#8220; _builder_version=&#8220;4.27.6&#8243; _module_preset=&#8220;default&#8220; custom_button=&#8220;on&#8220; button_text_size=&#8220;14px&#8220; button_font=&#8220;|700|||||||&#8220; button_icon=&#8220;&#xf3ff;||fa||900&#8243; custom_padding=&#8220;10px||11px||false|false&#8220; hover_enabled=&#8220;0&#8243; button_bg_color_last_edited=&#8220;off|desktop&#8220; global_colors_info=&#8220;{}&#8220; button_text_color__hover_enabled=&#8220;off|hover&#8220; button_text_color__hover=&#8220;#FFFFFF&#8220; button_bg_color__hover_enabled=&#8220;on|hover&#8220; button_bg_color__hover=&#8220;#E02B20&#8243; button_bg_enable_color__hover=&#8220;on&#8220; global_module=&#8220;2465&#8243; theme_builder_area=&#8220;post_content&#8220; admin_label=&#8220;Bot\u00f3n&#8220; sticky_enabled=&#8220;0&#8243;][\/et_pb_button][\/et_pb_column][\/et_pb_row][\/et_pb_section][et_pb_section fb_built=&#8220;1&#8243; disabled_on=&#8220;off|off|off&#8220; admin_label=&#8220;Contenedor&#8220; _builder_version=&#8220;4.23.1&#8243; _module_preset=&#8220;default&#8220; background_color=&#8220;#FFFFFF&#8220; custom_padding=&#8220;2px||0px|||&#8220; locked=&#8220;off&#8220; global_colors_info=&#8220;{}&#8220;][et_pb_row column_structure=&#8220;1_2,1_2&#8243; module_id=&#8220;experiencia-adaptada&#8220; _builder_version=&#8220;4.23.1&#8243; _module_preset=&#8220;default&#8220; global_colors_info=&#8220;{}&#8220;][et_pb_column type=&#8220;1_2&#8243; _builder_version=&#8220;4.23.1&#8243; _module_preset=&#8220;default&#8220; global_colors_info=&#8220;{}&#8220;][et_pb_image src=&#8220;https:\/\/interactivo.flamencomalaga.com\/wp-content\/uploads\/2024\/05\/flamenco-interactivo-experiencia.jpg&#8220; title_text=&#8220;Flamenco-interaktives-Erlebnis&#8220; _builder_version=&#8220;4.23.1&#8243; _module_preset=&#8220;default&#8220; border_radii=&#8220;on|30px|30px|30px|30px&#8220; global_colors_info=&#8220;{}&#8220;][\/et_pb_image][\/et_pb_column][et_pb_column type=&#8220;1_2&#8243; _builder_version=&#8220;4.23.1&#8243; _module_preset=&#8220;default&#8220; global_colors_info=&#8220;{}&#8220;][et_pb_text _builder_version=&#8220;4.23.1&#8243; _module_preset=&#8220;default&#8220; text_font=&#8220;Roboto Serif||||||||&#8220; header_2_font_size=&#8220;30px&#8220; header_2_line_height=&#8220;1.2em&#8220; width=&#8220;100%&#8220; custom_margin=&#8220;||15px|||&#8220; global_colors_info=&#8220;{}&#8220;]<\/p>\n<h2><strong>F\u00fcr alle Zielgruppen angepasste Erfahrung<\/strong><\/h2>\n<p>[\/et_pb_text][et_pb_text _builder_version=&#8220;4.23.1&#8243; _module_preset=&#8220;default&#8220; text_text_color=&#8220;#000000&#8243; custom_margin=&#8220;-17px|||||&#8220; custom_padding=&#8220;0px|||||&#8220; global_colors_info=&#8220;{}&#8220;]<\/p>\n<p><span style=\"font-weight: 400;\">Wenn Sie in unser Erlebnis eintauchen, haben Sie die M\u00f6glichkeit, die Flamenco-Kultur durch unsere 5 interaktiven Bildschirme zu erkunden und zu beginnen. Jeder Moment wurde sorgf\u00e4ltig gestaltet, damit Sie den Flamenco auf eine v\u00f6llig immersive Weise erleben k\u00f6nnen. Eine Stunde lang sind Sie mehr als nur ein Zuschauer: Unter der Leitung eines Flamenco-Enthusiasten erleben Sie Gesang, Tanz und verbinden sich mit Ihren H\u00e4nden mit dem Rhythmus des Flamenco. Sie werden zu einem wesentlichen Element dieser revolution\u00e4ren Art, die Flamenco-Kultur zu sch\u00e4tzen. Die Tour kann sowohl auf Spanisch als auch auf Englisch durchgef\u00fchrt werden. Derzeit bieten wir einen bestimmten Zeitplan an, aber wir werden gerne weitere Optionen f\u00fcr Gruppen und Kollektive anbieten. Dar\u00fcber hinaus endet das Erlebnis gegen 17:15 Uhr, was sich perfekt mit der Show um 18:00 Uhr im Tablao kombinieren l\u00e4sst.<\/span><\/p>\n<p>[\/et_pb_text][\/et_pb_column][\/et_pb_row][\/et_pb_section][et_pb_section fb_built=&#8220;1&#8243; admin_label=&#8220;Video&#8220; _builder_version=&#8220;4.23.1&#8243; _module_preset=&#8220;default&#8220; background_color=&#8220;#000000&#8243; custom_margin=&#8220;100px||100px||false|false&#8220; custom_margin_tablet=&#8220;100px||100px||false|false&#8220; custom_margin_phone=&#8220;50px||50px||false|false&#8220; custom_margin_last_edited=&#8220;on|phone&#8220; global_colors_info=&#8220;{}&#8220; positioning__hover_enabled=&#8220;on|desktop&#8220; position_origin_a__hover_enabled=&#8220;on|desktop&#8220; position_origin_f__hover_enabled=&#8220;on|desktop&#8220; position_origin_r__hover_enabled=&#8220;on|desktop&#8220;][et_pb_row _builder_version=&#8220;4.23.1&#8243; _module_preset=&#8220;default&#8220; global_colors_info=&#8220;{}&#8220;][et_pb_column type=&#8220;4_4&#8243; _builder_version=&#8220;4.23.1&#8243; _module_preset=&#8220;default&#8220; global_colors_info=&#8220;{}&#8220;][et_pb_video src=&#8220;https:\/\/youtu.be\/tA4Ceg6wzC4&#8243; _builder_version=&#8220;4.23.1&#8243; _module_preset=&#8220;default&#8220; global_colors_info=&#8220;{}&#8220;][\/et_pb_video][\/et_pb_column][\/et_pb_row][\/et_pb_section][et_pb_section fb_built=&#8220;1&#8243; admin_label=&#8220;Tienda&#8220; _builder_version=&#8220;4.23.1&#8243; _module_preset=&#8220;default&#8220; custom_padding=&#8220;4px|||||&#8220; global_colors_info=&#8220;{}&#8220;][et_pb_row column_structure=&#8220;1_2,1_2&#8243; make_equal=&#8220;on&#8220; _builder_version=&#8220;4.23.1&#8243; _module_preset=&#8220;default&#8220; width=&#8220;100%&#8220; max_width=&#8220;2560px&#8220; global_colors_info=&#8220;{}&#8220;][et_pb_column type=&#8220;1_2&#8243; _builder_version=&#8220;4.23.1&#8243; _module_preset=&#8220;default&#8220; background_color=&#8220;#f5f5f5&#8243; border_radii=&#8220;off||50px|50px|&#8220; global_colors_info=&#8220;{}&#8220;][et_pb_text _builder_version=&#8220;4.23.1&#8243; _module_preset=&#8220;default&#8220; text_font=&#8220;Roboto Serif||||||||&#8220; text_text_color=&#8220;#000000&#8243; text_font_size=&#8220;60px&#8220; text_line_height=&#8220;1.1em&#8220; width=&#8220;60%&#8220; width_tablet=&#8220;54%&#8220; width_phone=&#8220;100%&#8220; width_last_edited=&#8220;on|tablet&#8220; module_alignment=&#8220;right&#8220; custom_margin=&#8220;5%||||false|false&#8220; custom_margin_tablet=&#8220;5%||||false|false&#8220; custom_margin_phone=&#8220;5%||||false|false&#8220; custom_margin_last_edited=&#8220;on|phone&#8220; custom_padding=&#8220;|||40px|false|false&#8220; text_font_size_tablet=&#8220;50px&#8220; text_font_size_phone=&#8220;60px&#8220; text_font_size_last_edited=&#8220;on|phone&#8220; module_alignment_tablet=&#8220;left&#8220; module_alignment_phone=&#8220;left&#8220; module_alignment_last_edited=&#8220;on|tablet&#8220; global_colors_info=&#8220;{}&#8220;]<\/p>\n<p><strong>Besuchen Sie unseren Shop!<\/strong><\/p>\n<p>[\/et_pb_text][\/et_pb_column][et_pb_column type=&#8220;1_2&#8243; _builder_version=&#8220;4.23.1&#8243; _module_preset=&#8220;default&#8220; custom_padding_tablet=&#8220;|40px||40px|false|false&#8220; custom_padding_phone=&#8220;|20px||20px|false|false&#8220; custom_padding_last_edited=&#8220;on|phone&#8220; global_colors_info=&#8220;{}&#8220;][et_pb_image src=&#8220;https:\/\/interactivo.flamencomalaga.com\/wp-content\/uploads\/2024\/05\/tienda-flamenco-interactivo.jpg&#8220; title_text=&#8220;Flamenco-Interaktiver Shop&#8220; _builder_version=&#8220;4.23.1&#8243; _module_preset=&#8220;default&#8220; width=&#8220;50%&#8220; width_tablet=&#8220;67%&#8220; width_phone=&#8220;100%&#8220; width_last_edited=&#8220;on|tablet&#8220; border_radii=&#8220;on|30px|30px|30px|30px&#8220; global_colors_info=&#8220;{}&#8220;][\/et_pb_image][\/et_pb_column][\/et_pb_row][\/et_pb_section][et_pb_section fb_built=&#8220;1&#8243; disabled_on=&#8220;off|off|off&#8220; admin_label=&#8220;Contenedor&#8220; _builder_version=&#8220;4.23.1&#8243; _module_preset=&#8220;default&#8220; background_color=&#8220;#FFFFFF&#8220; custom_padding=&#8220;2px||0px|||&#8220; locked=&#8220;off&#8220; global_colors_info=&#8220;{}&#8220;][et_pb_row _builder_version=&#8220;4.23.1&#8243; _module_preset=&#8220;default&#8220; width=&#8220;85%&#8220; global_colors_info=&#8220;{}&#8220;][et_pb_column type=&#8220;4_4&#8243; _builder_version=&#8220;4.23.1&#8243; _module_preset=&#8220;default&#8220; global_colors_info=&#8220;{}&#8220;][et_pb_text _builder_version=&#8220;4.23.1&#8243; _module_preset=&#8220;default&#8220; text_font=&#8220;Roboto Serif||||||||&#8220; header_2_font_size=&#8220;30px&#8220; header_2_line_height=&#8220;1.2em&#8220; width=&#8220;100%&#8220; custom_margin=&#8220;||-3px|||&#8220; global_colors_info=&#8220;{}&#8220;]<\/p>\n<h2><strong>Erfahrungsbewertungen<\/strong><\/h2>\n<p>[\/et_pb_text][et_pb_code _builder_version=&#8220;4.23.1&#8243; _module_preset=&#8220;default&#8220; global_colors_info=&#8220;{}&#8220;]<div data-src=\"https:\/\/cdn.trustindex.io\/loader.js?89ff7f932ef1367598567dcf8cf\"><\/div>[\/et_pb_code][\/et_pb_column][\/et_pb_row][\/et_pb_section]<\/p>\n","protected":false},"excerpt":{"rendered":"<p>Einf\u00fchrung in den FlamencoINTERAKTIVES PROJEKT F\u00fchrungen: Jeden Tag um 16:00 Uhr.Tauchen Sie ein in eine interaktive ReiseBegeben Sie sich auf ein einzigartiges k\u00fcnstlerisches Abenteuer, das f\u00fcr jeden geeignet ist. Erkunden Sie die Flamenco-Kultur und lassen Sie sich durch interaktive Ausstellungen in sie einf\u00fchren. Buchen Sie Ihre Unterkunft f\u00fcr ein unschlagbares Erlebnis. Eine Stunde lang tauchen [&hellip;]<\/p>\n","protected":false},"author":1,"featured_media":332,"parent":0,"menu_order":0,"comment_status":"closed","ping_status":"closed","template":"","meta":{"_et_pb_use_builder":"on","_et_pb_old_content":"","_et_gb_content_width":"","footnotes":""},"class_list":["post-387","page","type-page","status-publish","has-post-thumbnail","hentry"],"_links":{"self":[{"href":"https:\/\/interactivo.flamencomalaga.com\/de\/wp-json\/wp\/v2\/pages\/387","targetHints":{"allow":["GET"]}}],"collection":[{"href":"https:\/\/interactivo.flamencomalaga.com\/de\/wp-json\/wp\/v2\/pages"}],"about":[{"href":"https:\/\/interactivo.flamencomalaga.com\/de\/wp-json\/wp\/v2\/types\/page"}],"author":[{"embeddable":true,"href":"https:\/\/interactivo.flamencomalaga.com\/de\/wp-json\/wp\/v2\/users\/1"}],"replies":[{"embeddable":true,"href":"https:\/\/interactivo.flamencomalaga.com\/de\/wp-json\/wp\/v2\/comments?post=387"}],"version-history":[{"count":0,"href":"https:\/\/interactivo.flamencomalaga.com\/de\/wp-json\/wp\/v2\/pages\/387\/revisions"}],"wp:featuredmedia":[{"embeddable":true,"href":"https:\/\/interactivo.flamencomalaga.com\/de\/wp-json\/wp\/v2\/media\/332"}],"wp:attachment":[{"href":"https:\/\/interactivo.flamencomalaga.com\/de\/wp-json\/wp\/v2\/media?parent=387"}],"curies":[{"name":"wp","href":"https:\/\/api.w.org\/{rel}","templated":true}]}}